{"id":9499,"date":"2025-03-25T09:53:05","date_gmt":"2025-03-25T08:53:05","guid":{"rendered":"https:\/\/coverseal-com.poush-dev.be\/documents\/"},"modified":"2026-02-11T14:23:38","modified_gmt":"2026-02-11T13:23:38","slug":"documentos","status":"publish","type":"page","link":"https:\/\/www.coverseal.com\/es\/documentos\/","title":{"rendered":"Documentos"},"content":{"rendered":"<p>[et_pb_section fb_built=\u00bb1&#8243; _builder_version=\u00bb4.27.4&#8243; _module_preset=\u00bbdefault\u00bb custom_padding=\u00bb80px|6vw||6vw|false|true\u00bb locked=\u00bboff\u00bb global_colors_info=\u00bb{}\u00bb][et_pb_row _builder_version=\u00bb4.27.4&#8243; _module_preset=\u00bbdefault\u00bb custom_margin=\u00bb||20px||false|false\u00bb global_colors_info=\u00bb{}\u00bb][et_pb_column type=\u00bb4_4&#8243; _builder_version=\u00bb4.27.4&#8243; _module_preset=\u00bbdefault\u00bb global_colors_info=\u00bb{}\u00bb][et_pb_text module_class=\u00bbh2-size\u00bb _builder_version=\u00bb4.27.5&#8243; _module_preset=\u00bbdefault\u00bb header_font=\u00bbLexend-Regular||||||||\u00bb header_text_color=\u00bbgcid-secondary-color\u00bb header_2_text_color=\u00bbgcid-secondary-color\u00bb animation_direction=\u00bbleft\u00bb global_colors_info=\u00bb{%22gcid-secondary-color%22:%91%22header_2_text_color%22,%22header_text_color%22%93}\u00bb]<\/p>\n<h1>Documentos \u00fatiles<\/h1>\n<p>[\/et_pb_text][et_pb_text _builder_version=\u00bb4.27.5&#8243; _module_preset=\u00bbdefault\u00bb max_width=\u00bb1000px\u00bb global_colors_info=\u00bb{}\u00bb]Aqu\u00ed encontrar\u00e1 la mayor\u00eda de los documentos clave, recopilados para apoyarlo en cada etapa de su proyecto con Coverseal. Si no puede encontrar la informaci\u00f3n que busca, no dude en consultar nuestra secci\u00f3n de <a href=\"https:\/\/www.coverseal.com\/es\/faq\/\">preguntas frecuentes<\/a>\u00a0para obtener respuestas r\u00e1pidas a sus preguntas.<br \/>\n[\/et_pb_text][\/et_pb_column][\/et_pb_row][et_pb_row _builder_version=\u00bb4.27.5&#8243; _module_preset=\u00bbdefault\u00bb custom_css_free_form=\u00bb.custom_card_doc figure .dsm_card_carousel_child_image_background {|| position: relative;||}||||.custom_card_doc figure .dsm_card_carousel_child_image_background::after {|| content: %22Descargar%22;|| color: #fff;|| display: block;|| position: absolute;|| inset: 0;|| height: 100;|| width: 100%;|| max-width: 208px;|| margin: 0 auto;|| text-align: center;|| display: flex;|| align-items:center;|| justify-content: center;|| background-color: rgba(0,0,0,0.5);|| border-radius: 10px;||}||||||.custom_card_doc figure .dsm_card_carousel_child_image_background::before {|| content:%22%22;|| display: block;|| width: 40px;|| height: 40px;|| background: url(&#8216;https:\/\/www.coverseal.com\/wp-content\/uploads\/2025\/04\/icon-download.svg&#8217;)no-repeat;|| background-size: contain;|| position: absolute;|| top:90px;|| left: 50%;|| margin-left: -20px;|| z-index: 200;||}||||.custom_card_doc figure .dsm_card_carousel_child_image_background::before,||.custom_card_doc figure .dsm_card_carousel_child_image_background::after {|| opacity: 0; || transform: translateY(-500px);|| transition: all .6s ease-in-out;||}||||.custom_card_doc figure .dsm_card_carousel_child_image_background::before {|| transition-delay: .1s;||}||||.custom_card_doc figure:hover .dsm_card_carousel_child_image_background::before,||.custom_card_doc figure:hover .dsm_card_carousel_child_image_background::after {|| transform: translateY(0px);|| opacity: 1; ||}\u00bb global_colors_info=\u00bb{}\u00bb][et_pb_column type=\u00bb4_4&#8243; _builder_version=\u00bb4.27.4&#8243; _module_preset=\u00bbdefault\u00bb global_colors_info=\u00bb{}\u00bb][dsm_card_carousel slide_to_show=\u00bb4&#8243; speed=\u00bb2000&#8243; infinite=\u00bboff\u00bb use_arrow_custom_position=\u00bbon\u00bb arrow_prev=\u00bbon\u00bb arrow_prev_font_icon=\u00bb&#x23;||divi||400&#8243; arrow_next=\u00bbon\u00bb arrow_next_font_icon=\u00bb&#x24;||divi||400&#8243; arrow_size=\u00bb25px\u00bb arrow_color=\u00bbgcid-secondary-color\u00bb arrow_background_color=\u00bbgcid-939ec961-e35a-49a0-8fe6-b17c10e8d88d\u00bb image_alignment=\u00bbcenter\u00bb slide_to_show_tablet=\u00bb2&#8243; slide_to_show_phone=\u00bb1&#8243; slide_to_show_last_edited=\u00bbon|phone\u00bb arrow_custom_position_tablet=\u00bb-30px\u00bb arrow_custom_position_phone=\u00bb-15px\u00bb arrow_custom_position_last_edited=\u00bbon|phone\u00bb module_class=\u00bbcustom_card_doc\u00bb _builder_version=\u00bb4.27.5&#8243; _module_preset=\u00bbdefault\u00bb header_font=\u00bb&#8211;et_global_body_font||||||||\u00bb header_text_align=\u00bbcenter\u00bb subhead_text_align=\u00bbcenter\u00bb subhead_font_size=\u00bb20px\u00bb hover_enabled=\u00bb0&#8243; border_radii_image=\u00bbon|20px|20px|20px|20px\u00bb border_radii_arrow=\u00bbon|40px|40px|40px|40px\u00bb global_colors_info=\u00bb{%22gcid-secondary-color%22:%91%22arrow_color%22%93,%22gcid-939ec961-e35a-49a0-8fe6-b17c10e8d88d%22:%91%22arrow_background_color%22%93}\u00bb sticky_enabled=\u00bb0&#8243;][dsm_card_carousel_child title=\u00bbManual del usuario\u00bb subtitle=\u00bbCubierta 102 &#8211; Rieles de aluminio\u00bb image=\u00bbhttps:\/\/www.coverseal.com\/wp-content\/uploads\/2025\/12\/Capture-decran-2025-12-05-133833.jpg\u00bb image_background_height=\u00bb300px\u00bb image_background_size=\u00bbcontain\u00bb image_alignment=\u00bbcenter\u00bb alt=\u00bbFa\u00e7ade en briques d&#8217;une maison avec une piscine couverte par un syst\u00e8me Coverseal, entour\u00e9e de mobilier de jardin et de plantes.\u00bb button_url_new_window=\u00bb1&#8243; _builder_version=\u00bb4.27.5&#8243; _module_preset=\u00bbdefault\u00bb link_option_url=\u00bbhttps:\/\/www.coverseal.com\/wp-content\/uploads\/2025\/12\/2.-USER-MANUAL_compressed.pdf\u00bb link_option_url_new_window=\u00bbon\u00bb global_colors_info=\u00bb{}\u00bb parent_button=\u00bboff\u00bb parent_header_level=\u00bbh4&#8243;][\/dsm_card_carousel_child][dsm_card_carousel_child title=\u00bbFunci\u00f3n Bluetooth\u00bb image=\u00bbhttps:\/\/www.coverseal.com\/wp-content\/uploads\/2026\/02\/Capture-decran-2026-02-05-160637.png\u00bb image_background_height=\u00bb300px\u00bb image_background_size=\u00bbcontain\u00bb image_alignment=\u00bbcenter\u00bb alt=\u00bbFa\u00e7ade en briques d&#8217;une maison avec une piscine couverte par un syst\u00e8me Coverseal, entour\u00e9e de mobilier de jardin et de plantes.\u00bb button_url_new_window=\u00bb1&#8243; _builder_version=\u00bb4.27.5&#8243; _module_preset=\u00bbdefault\u00bb link_option_url=\u00bbhttps:\/\/www.coverseal.com\/wp-content\/uploads\/2026\/02\/ES_fonctionnalite_bluetooth_utilisateur_05_01_26_compressed.pdf\u00bb link_option_url_new_window=\u00bbon\u00bb global_colors_info=\u00bb{}\u00bb parent_button=\u00bboff\u00bb parent_header_level=\u00bbh4&#8243;][\/dsm_card_carousel_child][dsm_card_carousel_child title=\u00bbImpact Report\u00bb image=\u00bbhttps:\/\/www.coverseal.com\/wp-content\/uploads\/2026\/02\/Capture-decran-2026-01-15-113005.jpg\u00bb image_background_height=\u00bb300px\u00bb image_background_size=\u00bbcontain\u00bb image_alignment=\u00bbcenter\u00bb alt=\u00bbFa\u00e7ade en briques d&#8217;une maison avec une piscine couverte par un syst\u00e8me Coverseal, entour\u00e9e de mobilier de jardin et de plantes.\u00bb button_url_new_window=\u00bb1&#8243; _builder_version=\u00bb4.27.5&#8243; _module_preset=\u00bbdefault\u00bb link_option_url=\u00bbhttps:\/\/www.coverseal.com\/wp-content\/uploads\/2026\/02\/LONGUE_Rapport-dimpact-CoversealBecoflex-2025-EN_compressed.pdf\u00bb link_option_url_new_window=\u00bbon\u00bb hover_enabled=\u00bb0&#8243; global_colors_info=\u00bb{}\u00bb parent_button=\u00bboff\u00bb parent_header_level=\u00bbh4&#8243; subtitle=\u00bb2025&#8243; title_text=\u00bbCapture d&#8217;\u00e9cran 2026-01-15 113005&#8243; sticky_enabled=\u00bb0&#8243;][\/dsm_card_carousel_child][dsm_card_carousel_child title=\u00bbCode of Ethics\u00bb image=\u00bbhttps:\/\/www.coverseal.com\/wp-content\/uploads\/2026\/02\/Capture-decran-2026-01-14-161412.png\u00bb image_background_height=\u00bb300px\u00bb image_background_size=\u00bbcontain\u00bb image_alignment=\u00bbcenter\u00bb alt=\u00bbFa\u00e7ade en briques d&#8217;une maison avec une piscine couverte par un syst\u00e8me Coverseal, entour\u00e9e de mobilier de jardin et de plantes.\u00bb button_url_new_window=\u00bb1&#8243; _builder_version=\u00bb4.27.5&#8243; _module_preset=\u00bbdefault\u00bb link_option_url=\u00bbhttps:\/\/www.coverseal.com\/wp-content\/uploads\/2026\/02\/Code-Ethique-EN-DOC-03-16-B.pdf\u00bb link_option_url_new_window=\u00bbon\u00bb hover_enabled=\u00bb0&#8243; global_colors_info=\u00bb{}\u00bb parent_button=\u00bboff\u00bb parent_header_level=\u00bbh4&#8243; title_text=\u00bbCapture d&#8217;\u00e9cran 2026-01-14 161412&#8243; sticky_enabled=\u00bb0&#8243;][\/dsm_card_carousel_child][dsm_card_carousel_child title=\u00bbCode of Conduct\u00bb image=\u00bbhttps:\/\/www.coverseal.com\/wp-content\/uploads\/2026\/02\/Capture-decran-2026-01-14-161714.png\u00bb image_background_height=\u00bb300px\u00bb image_background_size=\u00bbcontain\u00bb image_alignment=\u00bbcenter\u00bb alt=\u00bbFa\u00e7ade en briques d&#8217;une maison avec une piscine couverte par un syst\u00e8me Coverseal, entour\u00e9e de mobilier de jardin et de plantes.\u00bb button_url_new_window=\u00bb1&#8243; _builder_version=\u00bb4.27.5&#8243; _module_preset=\u00bbdefault\u00bb link_option_url=\u00bbhttps:\/\/www.coverseal.com\/wp-content\/uploads\/2026\/02\/Code-de-conduite-Fournisseurs-EN_DOC-05-07-B.pdf\u00bb link_option_url_new_window=\u00bbon\u00bb hover_enabled=\u00bb0&#8243; global_colors_info=\u00bb{}\u00bb parent_button=\u00bboff\u00bb parent_header_level=\u00bbh4&#8243; subtitle=\u00bbSupplier\u00bb title_text=\u00bbCapture d&#8217;\u00e9cran 2026-01-14 161714&#8243; sticky_enabled=\u00bb0&#8243;][\/dsm_card_carousel_child][\/dsm_card_carousel][\/et_pb_column][\/et_pb_row][\/et_pb_section]<\/p>\n","protected":false},"excerpt":{"rendered":"<p>Documentos \u00fatiles Aqu\u00ed encontrar\u00e1 la mayor\u00eda de los documentos clave, recopilados para apoyarlo en cada etapa de su proyecto con Coverseal. Si no puede encontrar la informaci\u00f3n que busca, no dude en consultar nuestra secci\u00f3n de preguntas frecuentes\u00a0para obtener respuestas r\u00e1pidas a sus preguntas. <div class=\"et_pb_module dsm_card_carousel dsm_card_carousel_0 custom_card_doc dsm_card_carousel_layout_stacked \">\n\t\t\t\t\n\t\t\t\t\n\t\t\t\t\n\t\t\t\t\n\t\t\t\t\n\t\t\t\t\n\t\t\t\t<div class=\"et_pb_module_inner\">\n\t\t\t\t\t\n\t\t\t\n\t\t\t<div class=\"swiper-container dsm_card_carousel_wrapper\" dir=\"ltr\" data-params=\"[{&quot;direction&quot;:&quot;horizontal&quot;,&quot;effect&quot;:&quot;default&quot;,&quot;slider_effect_shadows&quot;:false,&quot;slider_effect_coverflow_rotate&quot;:&quot;30&quot;,&quot;slider_effect_coverflow_depth&quot;:&quot;0&quot;,&quot;loop&quot;:false,&quot;infinite_smooth_scrolling&quot;:false,&quot;slide_to_show&quot;:&quot;4&quot;,&quot;slide_to_show_tablet&quot;:&quot;2&quot;,&quot;slide_to_show_phone&quot;:&quot;1&quot;,&quot;slide_to_scroll&quot;:&quot;1&quot;,&quot;slide_to_scroll_tablet&quot;:&quot;1&quot;,&quot;slide_to_scroll_phone&quot;:&quot;1&quot;,&quot;space_between&quot;:&quot;15&quot;,&quot;space_between_tablet&quot;:&quot;15&quot;,&quot;space_between_phone&quot;:&quot;15&quot;,&quot;centered_slides&quot;:false,&quot;multiple_slide_row&quot;:&quot;off&quot;,&quot;slide_row&quot;:&quot;1&quot;,&quot;slide_row_tablet&quot;:&quot;1&quot;,&quot;slide_row_phone&quot;:&quot;1&quot;,&quot;speed&quot;:&quot;2000&quot;,&quot;autoplay&quot;:true,&quot;autoplay_speed&quot;:&quot;3000&quot;,&quot;autoplay_viewport&quot;:&quot;80%&quot;,&quot;touch_move&quot;:true,&quot;grab&quot;:true,&quot;pause_on_hover&quot;:false,&quot;mousewheel&quot;:false,&quot;auto_height&quot;:false,&quot;equal_height&quot;:false,&quot;equal_height_tablet&quot;:true,&quot;equal_height_phone&quot;:true}]\">\n\t\t\t<div class=\"swiper-wrapper\"><\/div>\n\t\t\t<\/div><div class=\"swiper-button-prev dsm_card_carousel_arrow\" data-icon=\"&#x23;\"><\/div><div class=\"swiper-button-next dsm_card_carousel_arrow\" data-icon=\"&#x24;\"><\/div><div class=\"swiper-pagination dsm_card_carousel_pagination\"><\/div>\n\t\t\t\t<\/div>\n\t\t\t<\/div><div class=\"dsm_card_carousel_child dsm_card_carousel_child_0 et_clickable swiper-slide\">\n\t\t\t\t\n\t\t\t\t\n\t\t\t\t\n\t\t\t\t\n\t\t\t\t\n\t\t\t\t\n\t\t\t\t<div class=\"et_pb_module_inner\">\n\t\t\t\t\t\n\t\t\t\n\t\t\t<figure class=\"dsm_card_carousel_child_image_wrapper dsm_card_carousel_child_badge_top_right\"><div class=\"dsm_card_carousel_child_image_background dsm_card_carousel_child_img\"><\/div><\/figure>\n\t\t\t<div class=\"dsm_card_wrapper et_pb_text_align_left et_pb_bg_layout_light\">\n\t\t\t\t\t<h4 class=\"dsm_card_title et_pb_module_header\">Manual del usuario<\/h4>\n\t\t\t\t\t<div class=\"dsm_card_carousel_child_subtitle\">Cubierta 102 - Rieles de aluminio<\/div>\n\t\t\t\t\t\n\t\t\t\t\t\n\t\t\t\t<\/div>\n\t\t\t\t<\/div>\n\t\t\t<\/div><div class=\"dsm_card_carousel_child dsm_card_carousel_child_1 et_clickable swiper-slide\">\n\t\t\t\t\n\t\t\t\t\n\t\t\t\t\n\t\t\t\t\n\t\t\t\t\n\t\t\t\t\n\t\t\t\t<div class=\"et_pb_module_inner\">\n\t\t\t\t\t\n\t\t\t\n\t\t\t<figure class=\"dsm_card_carousel_child_image_wrapper dsm_card_carousel_child_badge_top_right\"><div class=\"dsm_card_carousel_child_image_background dsm_card_carousel_child_img\"><\/div><\/figure>\n\t\t\t<div class=\"dsm_card_wrapper et_pb_text_align_left et_pb_bg_layout_light\">\n\t\t\t\t\t<h4 class=\"dsm_card_title et_pb_module_header\">Funci\u00f3n Bluetooth<\/h4>\n\t\t\t\t\t\n\t\t\t\t\t\n\t\t\t\t\t\n\t\t\t\t<\/div>\n\t\t\t\t<\/div>\n\t\t\t<\/div><div class=\"dsm_card_carousel_child dsm_card_carousel_child_2 et_clickable swiper-slide\">\n\t\t\t\t\n\t\t\t\t\n\t\t\t\t\n\t\t\t\t\n\t\t\t\t\n\t\t\t\t\n\t\t\t\t<div class=\"et_pb_module_inner\">\n\t\t\t\t\t\n\t\t\t\n\t\t\t<figure class=\"dsm_card_carousel_child_image_wrapper dsm_card_carousel_child_badge_top_right\"><div class=\"dsm_card_carousel_child_image_background dsm_card_carousel_child_img\"><\/div><\/figure>\n\t\t\t<div class=\"dsm_card_wrapper et_pb_text_align_left et_pb_bg_layout_light\">\n\t\t\t\t\t<h4 class=\"dsm_card_title et_pb_module_header\">Impact Report<\/h4>\n\t\t\t\t\t<div class=\"dsm_card_carousel_child_subtitle\">2025<\/div>\n\t\t\t\t\t\n\t\t\t\t\t\n\t\t\t\t<\/div>\n\t\t\t\t<\/div>\n\t\t\t<\/div><div class=\"dsm_card_carousel_child dsm_card_carousel_child_3 swiper-slide\">\n\t\t\t\t\n\t\t\t\t\n\t\t\t\t\n\t\t\t\t\n\t\t\t\t\n\t\t\t\t\n\t\t\t\t<div class=\"et_pb_module_inner\">\n\t\t\t\t\t\n\t\t\t\n\t\t\t<figure class=\"dsm_card_carousel_child_image_wrapper dsm_card_carousel_child_badge_top_right\"><div class=\"dsm_card_carousel_child_image_background dsm_card_carousel_child_img\"><\/div><\/figure>\n\t\t\t<div class=\"dsm_card_wrapper et_pb_text_align_left et_pb_bg_layout_light\">\n\t\t\t\t\t<h4 class=\"dsm_card_title et_pb_module_header\">\u00bbCode<\/h4>\n\t\t\t\t\t\n\t\t\t\t\t\n\t\t\t\t\t\n\t\t\t\t<\/div>\n\t\t\t\t<\/div>\n\t\t\t<\/div><\/p>\n","protected":false},"author":3,"featured_media":0,"parent":0,"menu_order":0,"comment_status":"closed","ping_status":"closed","template":"","meta":{"_et_pb_use_builder":"on","_et_pb_old_content":"","_et_gb_content_width":"","footnotes":""},"class_list":["post-9499","page","type-page","status-publish","hentry"],"yoast_head":"<!-- This site is optimized with the Yoast SEO plugin v27.5 - https:\/\/yoast.com\/product\/yoast-seo-wordpress\/ -->\n<title>Documentos | Coverseal<\/title>\n<meta name=\"description\" content=\"Aqu\u00ed encontrar\u00e1 la mayor\u00eda de los documentos clave, recopilados para apoyarlo en cada etapa de su proyecto con Coverseal.\" \/>\n<meta name=\"robots\" content=\"index, follow, max-snippet:-1, max-image-preview:large, max-video-preview:-1\" \/>\n<link rel=\"canonical\" href=\"https:\/\/www.coverseal.com\/es\/documentos\/\" \/>\n<meta property=\"og:locale\" content=\"es_ES\" \/>\n<meta property=\"og:type\" content=\"article\" \/>\n<meta property=\"og:title\" content=\"Documentos | Coverseal\" \/>\n<meta property=\"og:description\" content=\"Aqu\u00ed encontrar\u00e1 la mayor\u00eda de los documentos clave, recopilados para apoyarlo en cada etapa de su proyecto con Coverseal.\" \/>\n<meta property=\"og:url\" content=\"https:\/\/www.coverseal.com\/es\/documentos\/\" \/>\n<meta property=\"og:site_name\" content=\"Coverseal\" \/>\n<meta property=\"article:modified_time\" content=\"2026-02-11T13:23:38+00:00\" \/>\n<meta name=\"twitter:card\" content=\"summary_large_image\" \/>\n<meta name=\"twitter:label1\" content=\"Tiempo de lectura\" \/>\n\t<meta name=\"twitter:data1\" content=\"2 minutos\" \/>\n<script type=\"application\/ld+json\" class=\"yoast-schema-graph\">{\"@context\":\"https:\\\/\\\/schema.org\",\"@graph\":[{\"@type\":\"WebPage\",\"@id\":\"https:\\\/\\\/www.coverseal.com\\\/es\\\/documentos\\\/\",\"url\":\"https:\\\/\\\/www.coverseal.com\\\/es\\\/documentos\\\/\",\"name\":\"Documentos | Coverseal\",\"isPartOf\":{\"@id\":\"https:\\\/\\\/www.coverseal.com\\\/es\\\/#website\"},\"datePublished\":\"2025-03-25T08:53:05+00:00\",\"dateModified\":\"2026-02-11T13:23:38+00:00\",\"description\":\"Aqu\u00ed encontrar\u00e1 la mayor\u00eda de los documentos clave, recopilados para apoyarlo en cada etapa de su proyecto con Coverseal.\",\"breadcrumb\":{\"@id\":\"https:\\\/\\\/www.coverseal.com\\\/es\\\/documentos\\\/#breadcrumb\"},\"inLanguage\":\"es\",\"potentialAction\":[{\"@type\":\"ReadAction\",\"target\":[\"https:\\\/\\\/www.coverseal.com\\\/es\\\/documentos\\\/\"]}]},{\"@type\":\"BreadcrumbList\",\"@id\":\"https:\\\/\\\/www.coverseal.com\\\/es\\\/documentos\\\/#breadcrumb\",\"itemListElement\":[{\"@type\":\"ListItem\",\"position\":1,\"name\":\"Accueil\",\"item\":\"https:\\\/\\\/www.coverseal.com\\\/es\\\/\"},{\"@type\":\"ListItem\",\"position\":2,\"name\":\"Documentos\"}]},{\"@type\":\"WebSite\",\"@id\":\"https:\\\/\\\/www.coverseal.com\\\/es\\\/#website\",\"url\":\"https:\\\/\\\/www.coverseal.com\\\/es\\\/\",\"name\":\"Coverseal\",\"description\":\"\",\"potentialAction\":[{\"@type\":\"SearchAction\",\"target\":{\"@type\":\"EntryPoint\",\"urlTemplate\":\"https:\\\/\\\/www.coverseal.com\\\/es\\\/?s={search_term_string}\"},\"query-input\":{\"@type\":\"PropertyValueSpecification\",\"valueRequired\":true,\"valueName\":\"search_term_string\"}}],\"inLanguage\":\"es\"}]}<\/script>\n<!-- \/ Yoast SEO plugin. -->","yoast_head_json":{"title":"Documentos | Coverseal","description":"Aqu\u00ed encontrar\u00e1 la mayor\u00eda de los documentos clave, recopilados para apoyarlo en cada etapa de su proyecto con Coverseal.","robots":{"index":"index","follow":"follow","max-snippet":"max-snippet:-1","max-image-preview":"max-image-preview:large","max-video-preview":"max-video-preview:-1"},"canonical":"https:\/\/www.coverseal.com\/es\/documentos\/","og_locale":"es_ES","og_type":"article","og_title":"Documentos | Coverseal","og_description":"Aqu\u00ed encontrar\u00e1 la mayor\u00eda de los documentos clave, recopilados para apoyarlo en cada etapa de su proyecto con Coverseal.","og_url":"https:\/\/www.coverseal.com\/es\/documentos\/","og_site_name":"Coverseal","article_modified_time":"2026-02-11T13:23:38+00:00","twitter_card":"summary_large_image","twitter_misc":{"Tiempo de lectura":"2 minutos"},"schema":{"@context":"https:\/\/schema.org","@graph":[{"@type":"WebPage","@id":"https:\/\/www.coverseal.com\/es\/documentos\/","url":"https:\/\/www.coverseal.com\/es\/documentos\/","name":"Documentos | Coverseal","isPartOf":{"@id":"https:\/\/www.coverseal.com\/es\/#website"},"datePublished":"2025-03-25T08:53:05+00:00","dateModified":"2026-02-11T13:23:38+00:00","description":"Aqu\u00ed encontrar\u00e1 la mayor\u00eda de los documentos clave, recopilados para apoyarlo en cada etapa de su proyecto con Coverseal.","breadcrumb":{"@id":"https:\/\/www.coverseal.com\/es\/documentos\/#breadcrumb"},"inLanguage":"es","potentialAction":[{"@type":"ReadAction","target":["https:\/\/www.coverseal.com\/es\/documentos\/"]}]},{"@type":"BreadcrumbList","@id":"https:\/\/www.coverseal.com\/es\/documentos\/#breadcrumb","itemListElement":[{"@type":"ListItem","position":1,"name":"Accueil","item":"https:\/\/www.coverseal.com\/es\/"},{"@type":"ListItem","position":2,"name":"Documentos"}]},{"@type":"WebSite","@id":"https:\/\/www.coverseal.com\/es\/#website","url":"https:\/\/www.coverseal.com\/es\/","name":"Coverseal","description":"","potentialAction":[{"@type":"SearchAction","target":{"@type":"EntryPoint","urlTemplate":"https:\/\/www.coverseal.com\/es\/?s={search_term_string}"},"query-input":{"@type":"PropertyValueSpecification","valueRequired":true,"valueName":"search_term_string"}}],"inLanguage":"es"}]}},"_links":{"self":[{"href":"https:\/\/www.coverseal.com\/es\/wp-json\/wp\/v2\/pages\/9499","targetHints":{"allow":["GET"]}}],"collection":[{"href":"https:\/\/www.coverseal.com\/es\/wp-json\/wp\/v2\/pages"}],"about":[{"href":"https:\/\/www.coverseal.com\/es\/wp-json\/wp\/v2\/types\/page"}],"author":[{"embeddable":true,"href":"https:\/\/www.coverseal.com\/es\/wp-json\/wp\/v2\/users\/3"}],"replies":[{"embeddable":true,"href":"https:\/\/www.coverseal.com\/es\/wp-json\/wp\/v2\/comments?post=9499"}],"version-history":[{"count":11,"href":"https:\/\/www.coverseal.com\/es\/wp-json\/wp\/v2\/pages\/9499\/revisions"}],"predecessor-version":[{"id":10509,"href":"https:\/\/www.coverseal.com\/es\/wp-json\/wp\/v2\/pages\/9499\/revisions\/10509"}],"wp:attachment":[{"href":"https:\/\/www.coverseal.com\/es\/wp-json\/wp\/v2\/media?parent=9499"}],"curies":[{"name":"wp","href":"https:\/\/api.w.org\/{rel}","templated":true}]}}