{"id":9596,"date":"2025-04-07T09:31:27","date_gmt":"2025-04-07T07:31:27","guid":{"rendered":"https:\/\/coverseal-com.poush-dev.be\/cookies\/"},"modified":"2026-02-04T12:26:02","modified_gmt":"2026-02-04T11:26:02","slug":"cookies","status":"publish","type":"page","link":"https:\/\/www.coverseal.com\/es\/cookies\/","title":{"rendered":"Cookies"},"content":{"rendered":"<p>[et_pb_section fb_built=\u00bb1&#8243; _builder_version=\u00bb4.27.4&#8243; _module_preset=\u00bbdefault\u00bb custom_padding=\u00bb80px|6vw|40px|6vw|false|true\u00bb global_colors_info=\u00bb{}\u00bb][et_pb_row _builder_version=\u00bb4.27.4&#8243; _module_preset=\u00bbdefault\u00bb custom_margin=\u00bb|auto|0px|auto|false|false\u00bb global_colors_info=\u00bb{}\u00bb][et_pb_column type=\u00bb4_4&#8243; _builder_version=\u00bb4.27.4&#8243; _module_preset=\u00bbdefault\u00bb global_colors_info=\u00bb{}\u00bb][et_pb_text admin_label=\u00bbText\u00bb module_class=\u00bbh2-size\u00bb _builder_version=\u00bb4.27.5&#8243; _module_preset=\u00bbdefault\u00bb header_font=\u00bbLexend-Regular||||||||\u00bb header_text_color=\u00bbgcid-secondary-color\u00bb header_2_text_color=\u00bbgcid-secondary-color\u00bb locked=\u00bboff\u00bb global_colors_info=\u00bb{%22gcid-secondary-color%22:%91%22header_2_text_color%22,%22header_text_color%22,%22header_text_color%22%93}\u00bb]<\/p>\n<h1>Pol\u00edtica de cookies<\/h1>\n<p>[\/et_pb_text][\/et_pb_column][\/et_pb_row][\/et_pb_section][et_pb_section fb_built=\u00bb1&#8243; _builder_version=\u00bb4.27.4&#8243; background_color=\u00bbgcid-cc026ee9-2dfb-4c5b-892b-7f86cd297fec\u00bb custom_padding=\u00bb40px|6vw|80px|6vw|false|true\u00bb global_colors_info=\u00bb{%22gcid-cc026ee9-2dfb-4c5b-892b-7f86cd297fec%22:%91%22background_color%22%93}\u00bb][et_pb_row _builder_version=\u00bb4.16&#8243; background_size=\u00bbinitial\u00bb background_position=\u00bbtop_left\u00bb background_repeat=\u00bbrepeat\u00bb custom_margin=\u00bb|auto|-1px|auto|false|false\u00bb global_colors_info=\u00bb{}\u00bb][et_pb_column type=\u00bb4_4&#8243; _builder_version=\u00bb4.16&#8243; custom_padding=\u00bb|||\u00bb global_colors_info=\u00bb{}\u00bb custom_padding__hover=\u00bb|||\u00bb][et_pb_text module_class=\u00bbh3-size\u00bb _builder_version=\u00bb4.27.5&#8243; _module_preset=\u00bbdefault\u00bb]<\/p>\n<h2>\u00bfQu\u00e9 es una cookie?<\/h2>\n<p>[\/et_pb_text][et_pb_text _builder_version=\u00bb4.27.5&#8243; _module_preset=\u00bbdefault\u00bb]<\/p>\n<p>Las cookies son peque\u00f1os archivos de texto que permiten almacenar informaci\u00f3n relacionada con el dispositivo en su terminal de acceso. Esta informaci\u00f3n puede referirse a usted, a sus preferencias o a su dispositivo. Muchos sitios web utilizan cookies para recopilar datos estad\u00edsticos sobre el uso de la p\u00e1gina. En Coverseal utilizamos cookies para que nuestro sitio web sea m\u00e1s f\u00e1cil de usar y m\u00e1s eficiente. Las cookies nos ayudan a garantizar el correcto funcionamiento del sitio web, as\u00ed como a analizar su uso para ofrecerle contenidos adaptados a sus necesidades. Si no desea en absoluto o desea limitar las cookies instaladas, puede\u00a0<strong>ajustar sus preferencias de cookies aqu\u00ed<\/strong>. En Coverseal, su experiencia personal en la web est\u00e1 en sus manos. Para m\u00e1s informaci\u00f3n, consulte nuestra\u00a0<strong>Pol\u00edtica de Cookies<\/strong>.<\/p>\n<p>[\/et_pb_text][et_pb_text module_class=\u00bbh4-size\u00bb _builder_version=\u00bb4.27.5&#8243; _module_preset=\u00bbdefault\u00bb]<\/p>\n<h2>Cookies estrictamente necesarias (siempre activas)<\/h2>\n<p>[\/et_pb_text][et_pb_text _builder_version=\u00bb4.27.5&#8243; _module_preset=\u00bbdefault\u00bb locked=\u00bboff\u00bb]<\/p>\n<p>Estas cookies son necesarias para el funcionamiento del sitio web, contribuyen a su uso seguro y\u00a0<strong>no pueden desactivarse en nuestros sistemas<\/strong>. Normalmente solo se instalan en respuesta a acciones realizadas por usted que equivalen a una solicitud de servicios, como configurar sus preferencias de privacidad, iniciar sesi\u00f3n o rellenar formularios. Puede configurar su navegador para que bloquee estas cookies o le avise sobre ellas, pero en ese caso es posible que algunas partes del sitio no funcionen correctamente.<\/p>\n<p>[\/et_pb_text][et_pb_text module_class=\u00bbh4-size\u00bb _builder_version=\u00bb4.27.5&#8243; _module_preset=\u00bbdefault\u00bb]<\/p>\n<h2>Cookies anal\u00edticas<\/h2>\n<p>[\/et_pb_text][et_pb_text _builder_version=\u00bb4.27.5&#8243; _module_preset=\u00bbdefault\u00bb locked=\u00bboff\u00bb]<\/p>\n<p>Estas cookies son instaladas por nuestros socios de an\u00e1lisis para\u00a0<strong>supervisar el tr\u00e1fico del sitio y el comportamiento de los usuarios<\/strong>. Nos ayudan a comprender c\u00f3mo interact\u00faan los visitantes con nuestro sitio web recopilando y comunicando informaci\u00f3n de forma an\u00f3nima. Estos datos pueden incluir la frecuencia de las visitas, la duraci\u00f3n de las sesiones y las p\u00e1ginas m\u00e1s consultadas. La informaci\u00f3n obtenida permite mejorar la funcionalidad del sitio y la relevancia de su contenido. Si decide no activar estas cookies, dispondremos de menos informaci\u00f3n sobre el rendimiento de nuestro sitio, lo que puede afectar la calidad de su experiencia de usuario.<\/p>\n<p>[\/et_pb_text][et_pb_text module_class=\u00bbh4-size\u00bb _builder_version=\u00bb4.27.5&#8243; _module_preset=\u00bbdefault\u00bb]<\/p>\n<h2>Cookies de segmentaci\u00f3n o publicidad<\/h2>\n<p>[\/et_pb_text][et_pb_text _builder_version=\u00bb4.27.5&#8243; _module_preset=\u00bbdefault\u00bb locked=\u00bboff\u00bb]<\/p>\n<div class=\"et_pb_text_inner\">\n<div class=\"et-fb-popover-tinymce\" data-shortcode-id=\"3.0.0.8-1747830700956\" data-quickaccess-editable=\"yes\">\n<div class=\"mce-content-body\" style=\"position: relative;\" contenteditable=\"true\">\n<p>Las cookies de segmentaci\u00f3n se utilizan para\u00a0<strong>adaptar la publicidad a usted y a sus intereses<\/strong>. Recuerdan que ha visitado un sitio web y pueden compartir esta informaci\u00f3n con otras organizaciones, como anunciantes. Estas cookies tambi\u00e9n nos ayudan a\u00a0<strong>evaluar la eficacia de nuestras campa\u00f1as publicitarias en sitios web de terceros<\/strong>. Si rechaza estas cookies, es posible que vea anuncios menos relevantes y que no pueda utilizar los enlaces a redes sociales.<\/p>\n<\/div>\n<\/div>\n<\/div>\n<div class=\"et-fb-mousetrap et-fb-mousetrap--module et-fb-mousetrap-move\" style=\"background: 0px center; pointer-events: none;\"><\/div>\n<p>[\/et_pb_text][\/et_pb_column][\/et_pb_row][\/et_pb_section]<\/p>\n","protected":false},"excerpt":{"rendered":"<p>Pol\u00edtica de cookies \u00bfQu\u00e9 es una cookie? Las cookies son peque\u00f1os archivos de texto que permiten almacenar informaci\u00f3n relacionada con el dispositivo en su terminal de acceso. Esta informaci\u00f3n puede referirse a usted, a sus preferencias o a su dispositivo. Muchos sitios web utilizan cookies para recopilar datos estad\u00edsticos sobre el uso de la p\u00e1gina. En Coverseal utilizamos cookies para que nuestro sitio web sea m\u00e1s f\u00e1cil de usar y m\u00e1s eficiente. Las cookies nos ayudan a garantizar el correcto funcionamiento del sitio web, as\u00ed como a analizar su uso para ofrecerle contenidos adaptados a sus necesidades. Si no desea en absoluto o desea limitar las cookies instaladas, puede\u00a0ajustar sus preferencias de cookies aqu\u00ed. En Coverseal, su experiencia personal en la web est\u00e1 en sus manos. Para m\u00e1s informaci\u00f3n, consulte nuestra\u00a0Pol\u00edtica de Cookies. Cookies estrictamente necesarias (siempre activas) Estas cookies son necesarias para el funcionamiento del sitio web, contribuyen a su uso seguro y\u00a0no pueden desactivarse en nuestros sistemas. Normalmente solo se instalan en respuesta a acciones realizadas por usted que equivalen a una solicitud de servicios, como configurar sus preferencias de privacidad, iniciar sesi\u00f3n o rellenar formularios. Puede configurar su navegador para que bloquee estas cookies o le avise [&hellip;]<\/p>\n","protected":false},"author":3,"featured_media":0,"parent":0,"menu_order":1002,"comment_status":"closed","ping_status":"closed","template":"","meta":{"_et_pb_use_builder":"on","_et_pb_old_content":"<h1 class=\"main-title main-title--terra-cotta\">Politique de cookies<\/h1><div class=\"main-paragraph wysiwyg\"><h2 id=\"mui-1\">What is a cookie ?<\/h2><p>Cookies are small text files that allow the storage of device-related information on your access device. This information might be about you, your preferences or your device. Many websites use cookies to collect statistical data about the usage of the website. We as Coverseal use Cookies to make our website user friendly and effective. Cookies help us ensuring the proper functioning of the website as well as analyzing the website usage to provide you with content tailored to you. If you do not want this at all of if you would like to restrict the cookies set, you have the possibility to adapt your cookie settings here. At Coverseal your personal web experience is at your hands. See the full cookie policy for more information.<\/p><h3>Strictly Necessary Cookies (Always Active)<\/h3><p>These cookies are necessary for the website to function, contribute to the safe use of the website and cannot be switched off in our systems. They are usually only set in response to actions made by you which amount to a request for services, such as setting your privacy preferences, logging in or filling in forms. You can set your browser to block or alert you about these cookies, but some parts of the site may not work then.<\/p><h3>Analytical Cookies<\/h3><p>These cookies are deployed by our analytics partners to monitor site traffic and user behavior. They help us understand how visitors interact with our website by collecting and reporting information anonymously. This data may include the frequency of visits, duration of sessions, and pages most frequented. The insights gained aid in enhancing site functionality and content relevance. If you choose not to enable these cookies, we will be less informed about our site performance, which may affect the quality of your user experience.<\/p><h3>Targeting Cookies<\/h3><p>Targeting cookies are used to tailor marketing to you and your interests. They remember that you visited a website and may share this information with other organizations such as advertisers. These cookies can also help us track the efficiency of our ad campaigns on third-party websites. By refusing these cookies, you may see less relevant advertisements and not be able to use links to social\u00a0networks.<\/p><\/div>","_et_gb_content_width":"","footnotes":""},"class_list":["post-9596","page","type-page","status-publish","hentry"],"yoast_head":"<!-- This site is optimized with the Yoast SEO plugin v27.5 - https:\/\/yoast.com\/product\/yoast-seo-wordpress\/ -->\n<title>Cookies | Coverseal<\/title>\n<meta name=\"robots\" content=\"index, follow, max-snippet:-1, max-image-preview:large, max-video-preview:-1\" \/>\n<link rel=\"canonical\" href=\"https:\/\/www.coverseal.com\/es\/cookies\/\" \/>\n<meta property=\"og:locale\" content=\"es_ES\" \/>\n<meta property=\"og:type\" content=\"article\" \/>\n<meta property=\"og:title\" content=\"Cookies | Coverseal\" \/>\n<meta property=\"og:description\" content=\"Pol\u00edtica de cookies \u00bfQu\u00e9 es una cookie? Las cookies son peque\u00f1os archivos de texto que permiten almacenar informaci\u00f3n relacionada con el dispositivo en su terminal de acceso. Esta informaci\u00f3n puede referirse a usted, a sus preferencias o a su dispositivo. Muchos sitios web utilizan cookies para recopilar datos estad\u00edsticos sobre el uso de la p\u00e1gina. En Coverseal utilizamos cookies para que nuestro sitio web sea m\u00e1s f\u00e1cil de usar y m\u00e1s eficiente. Las cookies nos ayudan a garantizar el correcto funcionamiento del sitio web, as\u00ed como a analizar su uso para ofrecerle contenidos adaptados a sus necesidades. Si no desea en absoluto o desea limitar las cookies instaladas, puede\u00a0ajustar sus preferencias de cookies aqu\u00ed. En Coverseal, su experiencia personal en la web est\u00e1 en sus manos. Para m\u00e1s informaci\u00f3n, consulte nuestra\u00a0Pol\u00edtica de Cookies. Cookies estrictamente necesarias (siempre activas) Estas cookies son necesarias para el funcionamiento del sitio web, contribuyen a su uso seguro y\u00a0no pueden desactivarse en nuestros sistemas. Normalmente solo se instalan en respuesta a acciones realizadas por usted que equivalen a una solicitud de servicios, como configurar sus preferencias de privacidad, iniciar sesi\u00f3n o rellenar formularios. Puede configurar su navegador para que bloquee estas cookies o le avise [&hellip;]\" \/>\n<meta property=\"og:url\" content=\"https:\/\/www.coverseal.com\/es\/cookies\/\" \/>\n<meta property=\"og:site_name\" content=\"Coverseal\" \/>\n<meta property=\"article:modified_time\" content=\"2026-02-04T11:26:02+00:00\" \/>\n<meta name=\"twitter:card\" content=\"summary_large_image\" \/>\n<meta name=\"twitter:label1\" content=\"Tiempo de lectura\" \/>\n\t<meta name=\"twitter:data1\" content=\"3 minutos\" \/>\n<script type=\"application\/ld+json\" class=\"yoast-schema-graph\">{\"@context\":\"https:\\\/\\\/schema.org\",\"@graph\":[{\"@type\":\"WebPage\",\"@id\":\"https:\\\/\\\/www.coverseal.com\\\/es\\\/cookies\\\/\",\"url\":\"https:\\\/\\\/www.coverseal.com\\\/es\\\/cookies\\\/\",\"name\":\"Cookies | Coverseal\",\"isPartOf\":{\"@id\":\"https:\\\/\\\/www.coverseal.com\\\/es\\\/#website\"},\"datePublished\":\"2025-04-07T07:31:27+00:00\",\"dateModified\":\"2026-02-04T11:26:02+00:00\",\"breadcrumb\":{\"@id\":\"https:\\\/\\\/www.coverseal.com\\\/es\\\/cookies\\\/#breadcrumb\"},\"inLanguage\":\"es\",\"potentialAction\":[{\"@type\":\"ReadAction\",\"target\":[\"https:\\\/\\\/www.coverseal.com\\\/es\\\/cookies\\\/\"]}]},{\"@type\":\"BreadcrumbList\",\"@id\":\"https:\\\/\\\/www.coverseal.com\\\/es\\\/cookies\\\/#breadcrumb\",\"itemListElement\":[{\"@type\":\"ListItem\",\"position\":1,\"name\":\"Accueil\",\"item\":\"https:\\\/\\\/www.coverseal.com\\\/es\\\/\"},{\"@type\":\"ListItem\",\"position\":2,\"name\":\"Cookies\"}]},{\"@type\":\"WebSite\",\"@id\":\"https:\\\/\\\/www.coverseal.com\\\/es\\\/#website\",\"url\":\"https:\\\/\\\/www.coverseal.com\\\/es\\\/\",\"name\":\"Coverseal\",\"description\":\"\",\"potentialAction\":[{\"@type\":\"SearchAction\",\"target\":{\"@type\":\"EntryPoint\",\"urlTemplate\":\"https:\\\/\\\/www.coverseal.com\\\/es\\\/?s={search_term_string}\"},\"query-input\":{\"@type\":\"PropertyValueSpecification\",\"valueRequired\":true,\"valueName\":\"search_term_string\"}}],\"inLanguage\":\"es\"}]}<\/script>\n<!-- \/ Yoast SEO plugin. -->","yoast_head_json":{"title":"Cookies | Coverseal","robots":{"index":"index","follow":"follow","max-snippet":"max-snippet:-1","max-image-preview":"max-image-preview:large","max-video-preview":"max-video-preview:-1"},"canonical":"https:\/\/www.coverseal.com\/es\/cookies\/","og_locale":"es_ES","og_type":"article","og_title":"Cookies | Coverseal","og_description":"Pol\u00edtica de cookies \u00bfQu\u00e9 es una cookie? Las cookies son peque\u00f1os archivos de texto que permiten almacenar informaci\u00f3n relacionada con el dispositivo en su terminal de acceso. Esta informaci\u00f3n puede referirse a usted, a sus preferencias o a su dispositivo. Muchos sitios web utilizan cookies para recopilar datos estad\u00edsticos sobre el uso de la p\u00e1gina. En Coverseal utilizamos cookies para que nuestro sitio web sea m\u00e1s f\u00e1cil de usar y m\u00e1s eficiente. Las cookies nos ayudan a garantizar el correcto funcionamiento del sitio web, as\u00ed como a analizar su uso para ofrecerle contenidos adaptados a sus necesidades. Si no desea en absoluto o desea limitar las cookies instaladas, puede\u00a0ajustar sus preferencias de cookies aqu\u00ed. En Coverseal, su experiencia personal en la web est\u00e1 en sus manos. Para m\u00e1s informaci\u00f3n, consulte nuestra\u00a0Pol\u00edtica de Cookies. Cookies estrictamente necesarias (siempre activas) Estas cookies son necesarias para el funcionamiento del sitio web, contribuyen a su uso seguro y\u00a0no pueden desactivarse en nuestros sistemas. Normalmente solo se instalan en respuesta a acciones realizadas por usted que equivalen a una solicitud de servicios, como configurar sus preferencias de privacidad, iniciar sesi\u00f3n o rellenar formularios. Puede configurar su navegador para que bloquee estas cookies o le avise [&hellip;]","og_url":"https:\/\/www.coverseal.com\/es\/cookies\/","og_site_name":"Coverseal","article_modified_time":"2026-02-04T11:26:02+00:00","twitter_card":"summary_large_image","twitter_misc":{"Tiempo de lectura":"3 minutos"},"schema":{"@context":"https:\/\/schema.org","@graph":[{"@type":"WebPage","@id":"https:\/\/www.coverseal.com\/es\/cookies\/","url":"https:\/\/www.coverseal.com\/es\/cookies\/","name":"Cookies | Coverseal","isPartOf":{"@id":"https:\/\/www.coverseal.com\/es\/#website"},"datePublished":"2025-04-07T07:31:27+00:00","dateModified":"2026-02-04T11:26:02+00:00","breadcrumb":{"@id":"https:\/\/www.coverseal.com\/es\/cookies\/#breadcrumb"},"inLanguage":"es","potentialAction":[{"@type":"ReadAction","target":["https:\/\/www.coverseal.com\/es\/cookies\/"]}]},{"@type":"BreadcrumbList","@id":"https:\/\/www.coverseal.com\/es\/cookies\/#breadcrumb","itemListElement":[{"@type":"ListItem","position":1,"name":"Accueil","item":"https:\/\/www.coverseal.com\/es\/"},{"@type":"ListItem","position":2,"name":"Cookies"}]},{"@type":"WebSite","@id":"https:\/\/www.coverseal.com\/es\/#website","url":"https:\/\/www.coverseal.com\/es\/","name":"Coverseal","description":"","potentialAction":[{"@type":"SearchAction","target":{"@type":"EntryPoint","urlTemplate":"https:\/\/www.coverseal.com\/es\/?s={search_term_string}"},"query-input":{"@type":"PropertyValueSpecification","valueRequired":true,"valueName":"search_term_string"}}],"inLanguage":"es"}]}},"_links":{"self":[{"href":"https:\/\/www.coverseal.com\/es\/wp-json\/wp\/v2\/pages\/9596","targetHints":{"allow":["GET"]}}],"collection":[{"href":"https:\/\/www.coverseal.com\/es\/wp-json\/wp\/v2\/pages"}],"about":[{"href":"https:\/\/www.coverseal.com\/es\/wp-json\/wp\/v2\/types\/page"}],"author":[{"embeddable":true,"href":"https:\/\/www.coverseal.com\/es\/wp-json\/wp\/v2\/users\/3"}],"replies":[{"embeddable":true,"href":"https:\/\/www.coverseal.com\/es\/wp-json\/wp\/v2\/comments?post=9596"}],"version-history":[{"count":6,"href":"https:\/\/www.coverseal.com\/es\/wp-json\/wp\/v2\/pages\/9596\/revisions"}],"predecessor-version":[{"id":10329,"href":"https:\/\/www.coverseal.com\/es\/wp-json\/wp\/v2\/pages\/9596\/revisions\/10329"}],"wp:attachment":[{"href":"https:\/\/www.coverseal.com\/es\/wp-json\/wp\/v2\/media?parent=9596"}],"curies":[{"name":"wp","href":"https:\/\/api.w.org\/{rel}","templated":true}]}}