{"id":9890,"date":"2022-04-26T15:56:47","date_gmt":"2022-04-26T13:56:47","guid":{"rendered":"https:\/\/coverseal-com.poush-dev.be\/confirmation\/"},"modified":"2025-12-16T10:12:32","modified_gmt":"2025-12-16T09:12:32","slug":"confirmation","status":"publish","type":"page","link":"https:\/\/www.coverseal.com\/es\/confirmation\/","title":{"rendered":"Confirmation"},"content":{"rendered":"<p>[et_pb_section fb_built=\u00bb1&#8243; admin_label=\u00bbsection\u00bb _builder_version=\u00bb4.27.4&#8243; custom_padding=\u00bb90px|6vw|90px|6vw|true|true\u00bb global_colors_info=\u00bb{}\u00bb][et_pb_row admin_label=\u00bbrow\u00bb _builder_version=\u00bb4.16&#8243; background_size=\u00bbinitial\u00bb background_position=\u00bbtop_left\u00bb background_repeat=\u00bbrepeat\u00bb global_colors_info=\u00bb{}\u00bb][et_pb_column type=\u00bb4_4&#8243; _builder_version=\u00bb4.16&#8243; custom_padding=\u00bb|||\u00bb global_colors_info=\u00bb{}\u00bb custom_padding__hover=\u00bb|||\u00bb][et_pb_text admin_label=\u00bbText\u00bb module_class=\u00bbh2-size\u00bb _builder_version=\u00bb4.27.5&#8243; header_font=\u00bbLexend-Regular||||||||\u00bb header_text_align=\u00bbcenter\u00bb header_text_color=\u00bbgcid-secondary-color\u00bb header_2_text_color=\u00bbgcid-secondary-color\u00bb animation_direction=\u00bbleft\u00bb hover_enabled=\u00bb0&#8243; global_colors_info=\u00bb{%22gcid-secondary-color%22:%91%22header_2_text_color%22,%22header_text_color%22%93,%22gcid-fb453400-2325-4dbb-bd00-62d95f666066%22:%91%22header_text_color%22%93}\u00bb sticky_enabled=\u00bb0&#8243;]<\/p>\n<h1 style=\"text-align: center;\">\u00a1Gracias por tu solicitud!<\/h1>\n<p>[\/et_pb_text][et_pb_text admin_label=\u00bbText\u00bb _builder_version=\u00bb4.27.5&#8243; background_size=\u00bbinitial\u00bb background_position=\u00bbtop_left\u00bb background_repeat=\u00bbrepeat\u00bb custom_margin=\u00bb||68px|||\u00bb hover_enabled=\u00bb0&#8243; global_colors_info=\u00bb{}\u00bb sticky_enabled=\u00bb0&#8243;]<\/p>\n<p style=\"text-align: center;\">Se ha enviado correctamente. La procesaremos y nos pondremos en contacto con usted lo antes posible.<\/p>\n<p>[\/et_pb_text][et_pb_button button_url=\u00bb@ET-DC@eyJkeW5hbWljIjp0cnVlLCJjb250ZW50IjoiaG9tZV91cmwiLCJzZXR0aW5ncyI6e319@\u00bb button_text=\u00bbVolver a la p\u00e1gina de inicio\u00bb button_alignment=\u00bbcenter\u00bb _builder_version=\u00bb4.27.5&#8243; _dynamic_attributes=\u00bbbutton_text,button_url\u00bb _module_preset=\u00bb_initial\u00bb hover_enabled=\u00bb0&#8243; global_colors_info=\u00bb{}\u00bb sticky_enabled=\u00bb0&#8243;][\/et_pb_button][\/et_pb_column][\/et_pb_row][\/et_pb_section]<\/p>\n","protected":false},"excerpt":{"rendered":"<p>\u00a1Gracias por tu solicitud!Se ha enviado correctamente. La procesaremos y nos pondremos en contacto con usted lo antes posible.<\/p>\n","protected":false},"author":3,"featured_media":0,"parent":0,"menu_order":1010,"comment_status":"closed","ping_status":"closed","template":"","meta":{"_et_pb_use_builder":"on","_et_pb_old_content":"[vc_row css=\".vc_custom_1650981400486{padding-top: 150px !important;padding-bottom: 150px !important;}\"][vc_column][vc_column_text]\r\n<h1 style=\"text-align: center;\">Merci pour votre demande !<\/h1>\r\n<p style=\"text-align: center;\">Elle a \u00e9t\u00e9 envoy\u00e9e avec succ\u00e8s. Nous la traitons et revenons vers vous dans les plus brefs d\u00e9lais.<\/p>\r\n[\/vc_column_text][dt_default_button link=\"url:https%3A%2F%2Fwww.coverseal.com%2F|title:Accueil\" size=\"big\" button_alignment=\"btn_center\"]Revenez \u00e0 la page d\u2019accueil[\/dt_default_button][\/vc_column][\/vc_row]","_et_gb_content_width":"","footnotes":""},"class_list":["post-9890","page","type-page","status-publish","hentry"],"yoast_head":"<!-- This site is optimized with the Yoast SEO plugin v27.5 - https:\/\/yoast.com\/product\/yoast-seo-wordpress\/ -->\n<title>Confirmation | Coverseal<\/title>\n<meta name=\"robots\" content=\"index, follow, max-snippet:-1, max-image-preview:large, max-video-preview:-1\" \/>\n<link rel=\"canonical\" href=\"https:\/\/www.coverseal.com\/es\/confirmation\/\" \/>\n<meta property=\"og:locale\" content=\"es_ES\" \/>\n<meta property=\"og:type\" content=\"article\" \/>\n<meta property=\"og:title\" content=\"Confirmation | Coverseal\" \/>\n<meta property=\"og:description\" content=\"\u00a1Gracias por tu solicitud!Se ha enviado correctamente. La procesaremos y nos pondremos en contacto con usted lo antes posible.\" \/>\n<meta property=\"og:url\" content=\"https:\/\/www.coverseal.com\/es\/confirmation\/\" \/>\n<meta property=\"og:site_name\" content=\"Coverseal\" \/>\n<meta property=\"article:modified_time\" content=\"2025-12-16T09:12:32+00:00\" \/>\n<meta name=\"twitter:card\" content=\"summary_large_image\" \/>\n<meta name=\"twitter:label1\" content=\"Tiempo de lectura\" \/>\n\t<meta name=\"twitter:data1\" content=\"1 minuto\" \/>\n<script type=\"application\/ld+json\" class=\"yoast-schema-graph\">{\"@context\":\"https:\\\/\\\/schema.org\",\"@graph\":[{\"@type\":\"WebPage\",\"@id\":\"https:\\\/\\\/www.coverseal.com\\\/es\\\/confirmation\\\/\",\"url\":\"https:\\\/\\\/www.coverseal.com\\\/es\\\/confirmation\\\/\",\"name\":\"Confirmation | Coverseal\",\"isPartOf\":{\"@id\":\"https:\\\/\\\/www.coverseal.com\\\/es\\\/#website\"},\"datePublished\":\"2022-04-26T13:56:47+00:00\",\"dateModified\":\"2025-12-16T09:12:32+00:00\",\"breadcrumb\":{\"@id\":\"https:\\\/\\\/www.coverseal.com\\\/es\\\/confirmation\\\/#breadcrumb\"},\"inLanguage\":\"es\",\"potentialAction\":[{\"@type\":\"ReadAction\",\"target\":[\"https:\\\/\\\/www.coverseal.com\\\/es\\\/confirmation\\\/\"]}]},{\"@type\":\"BreadcrumbList\",\"@id\":\"https:\\\/\\\/www.coverseal.com\\\/es\\\/confirmation\\\/#breadcrumb\",\"itemListElement\":[{\"@type\":\"ListItem\",\"position\":1,\"name\":\"Accueil\",\"item\":\"https:\\\/\\\/www.coverseal.com\\\/es\\\/\"},{\"@type\":\"ListItem\",\"position\":2,\"name\":\"Confirmation\"}]},{\"@type\":\"WebSite\",\"@id\":\"https:\\\/\\\/www.coverseal.com\\\/es\\\/#website\",\"url\":\"https:\\\/\\\/www.coverseal.com\\\/es\\\/\",\"name\":\"Coverseal\",\"description\":\"\",\"potentialAction\":[{\"@type\":\"SearchAction\",\"target\":{\"@type\":\"EntryPoint\",\"urlTemplate\":\"https:\\\/\\\/www.coverseal.com\\\/es\\\/?s={search_term_string}\"},\"query-input\":{\"@type\":\"PropertyValueSpecification\",\"valueRequired\":true,\"valueName\":\"search_term_string\"}}],\"inLanguage\":\"es\"}]}<\/script>\n<!-- \/ Yoast SEO plugin. -->","yoast_head_json":{"title":"Confirmation | Coverseal","robots":{"index":"index","follow":"follow","max-snippet":"max-snippet:-1","max-image-preview":"max-image-preview:large","max-video-preview":"max-video-preview:-1"},"canonical":"https:\/\/www.coverseal.com\/es\/confirmation\/","og_locale":"es_ES","og_type":"article","og_title":"Confirmation | Coverseal","og_description":"\u00a1Gracias por tu solicitud!Se ha enviado correctamente. La procesaremos y nos pondremos en contacto con usted lo antes posible.","og_url":"https:\/\/www.coverseal.com\/es\/confirmation\/","og_site_name":"Coverseal","article_modified_time":"2025-12-16T09:12:32+00:00","twitter_card":"summary_large_image","twitter_misc":{"Tiempo de lectura":"1 minuto"},"schema":{"@context":"https:\/\/schema.org","@graph":[{"@type":"WebPage","@id":"https:\/\/www.coverseal.com\/es\/confirmation\/","url":"https:\/\/www.coverseal.com\/es\/confirmation\/","name":"Confirmation | Coverseal","isPartOf":{"@id":"https:\/\/www.coverseal.com\/es\/#website"},"datePublished":"2022-04-26T13:56:47+00:00","dateModified":"2025-12-16T09:12:32+00:00","breadcrumb":{"@id":"https:\/\/www.coverseal.com\/es\/confirmation\/#breadcrumb"},"inLanguage":"es","potentialAction":[{"@type":"ReadAction","target":["https:\/\/www.coverseal.com\/es\/confirmation\/"]}]},{"@type":"BreadcrumbList","@id":"https:\/\/www.coverseal.com\/es\/confirmation\/#breadcrumb","itemListElement":[{"@type":"ListItem","position":1,"name":"Accueil","item":"https:\/\/www.coverseal.com\/es\/"},{"@type":"ListItem","position":2,"name":"Confirmation"}]},{"@type":"WebSite","@id":"https:\/\/www.coverseal.com\/es\/#website","url":"https:\/\/www.coverseal.com\/es\/","name":"Coverseal","description":"","potentialAction":[{"@type":"SearchAction","target":{"@type":"EntryPoint","urlTemplate":"https:\/\/www.coverseal.com\/es\/?s={search_term_string}"},"query-input":{"@type":"PropertyValueSpecification","valueRequired":true,"valueName":"search_term_string"}}],"inLanguage":"es"}]}},"_links":{"self":[{"href":"https:\/\/www.coverseal.com\/es\/wp-json\/wp\/v2\/pages\/9890","targetHints":{"allow":["GET"]}}],"collection":[{"href":"https:\/\/www.coverseal.com\/es\/wp-json\/wp\/v2\/pages"}],"about":[{"href":"https:\/\/www.coverseal.com\/es\/wp-json\/wp\/v2\/types\/page"}],"author":[{"embeddable":true,"href":"https:\/\/www.coverseal.com\/es\/wp-json\/wp\/v2\/users\/3"}],"replies":[{"embeddable":true,"href":"https:\/\/www.coverseal.com\/es\/wp-json\/wp\/v2\/comments?post=9890"}],"version-history":[{"count":2,"href":"https:\/\/www.coverseal.com\/es\/wp-json\/wp\/v2\/pages\/9890\/revisions"}],"predecessor-version":[{"id":9899,"href":"https:\/\/www.coverseal.com\/es\/wp-json\/wp\/v2\/pages\/9890\/revisions\/9899"}],"wp:attachment":[{"href":"https:\/\/www.coverseal.com\/es\/wp-json\/wp\/v2\/media?parent=9890"}],"curies":[{"name":"wp","href":"https:\/\/api.w.org\/{rel}","templated":true}]}}