{"id":9894,"date":"2025-04-03T12:19:31","date_gmt":"2025-04-03T10:19:31","guid":{"rendered":"https:\/\/coverseal-com.poush-dev.be\/confirmation-devis\/"},"modified":"2025-12-16T10:12:32","modified_gmt":"2025-12-16T09:12:32","slug":"confirmation-devis","status":"publish","type":"page","link":"https:\/\/www.coverseal.com\/es\/confirmation-devis\/","title":{"rendered":"Confirmation devis"},"content":{"rendered":"<p>[et_pb_section fb_built=\u00bb1&#8243; _builder_version=\u00bb4.27.4&#8243; _module_preset=\u00bbdefault\u00bb custom_padding=\u00bb90px|6vw|90px|6vw|true|true\u00bb locked=\u00bboff\u00bb global_colors_info=\u00bb{%22gcid-primary-color%22:%91%22background_color%22%93}\u00bb][et_pb_row _builder_version=\u00bb4.27.4&#8243; _module_preset=\u00bbdefault\u00bb custom_margin=\u00bb||20px||false|false\u00bb custom_padding=\u00bb0px|15px|0px|15px|true|true\u00bb global_colors_info=\u00bb{}\u00bb][et_pb_column type=\u00bb4_4&#8243; _builder_version=\u00bb4.27.4&#8243; _module_preset=\u00bbdefault\u00bb global_colors_info=\u00bb{}\u00bb][et_pb_text module_class=\u00bbh2-size\u00bb _builder_version=\u00bb4.27.5&#8243; _module_preset=\u00bbdefault\u00bb header_font=\u00bbLexend-Regular||||||||\u00bb header_text_align=\u00bbcenter\u00bb header_text_color=\u00bbgcid-secondary-color\u00bb header_2_text_color=\u00bbgcid-secondary-color\u00bb animation_direction=\u00bbleft\u00bb hover_enabled=\u00bb0&#8243; global_colors_info=\u00bb{%22gcid-secondary-color%22:%91%22header_2_text_color%22,%22header_text_color%22,%22header_2_text_color%22%93,%22gcid-fb453400-2325-4dbb-bd00-62d95f666066%22:%91%22header_text_color%22%93}\u00bb sticky_enabled=\u00bb0&#8243;]<\/p>\n<h1>Gracias por solicitar un presupuesto.<\/h1>\n<p>[\/et_pb_text][et_pb_text _builder_version=\u00bb4.27.5&#8243; _module_preset=\u00bbdefault\u00bb text_orientation=\u00bbcenter\u00bb max_width=\u00bb1040px\u00bb module_alignment=\u00bbcenter\u00bb]<\/p>\n<p>Un colaborador se pondr\u00e1 en contacto con usted en breve para proponerle una cita por videoconferencia. Para que pueda realizar una estimaci\u00f3n presupuestaria m\u00e1s precisa, no dude en preparar fotos o planos de su proyecto, sus dimensiones y sus caracter\u00edsticas t\u00e9cnicas.<\/p>\n<p>[\/et_pb_text][\/et_pb_column][\/et_pb_row][et_pb_row use_custom_gutter=\u00bbon\u00bb _builder_version=\u00bb4.27.4&#8243; _module_preset=\u00bbdefault\u00bb max_width=\u00bb800px\u00bb global_colors_info=\u00bb{}\u00bb][et_pb_column type=\u00bb4_4&#8243; _builder_version=\u00bb4.27.4&#8243; _module_preset=\u00bbdefault\u00bb global_colors_info=\u00bb{}\u00bb][et_pb_button button_url=\u00bb@ET-DC@eyJkeW5hbWljIjp0cnVlLCJjb250ZW50IjoicG9zdF9saW5rX3VybF9wYWdlIiwic2V0dGluZ3MiOnsicG9zdF9pZCI6IjIifX0=@\u00bb button_text=\u00bbVolver a la p\u00e1gina de inicio\u00bb button_alignment=\u00bbcenter\u00bb _builder_version=\u00bb4.27.5&#8243; _dynamic_attributes=\u00bbbutton_url\u00bb _module_preset=\u00bbdefault\u00bb custom_padding=\u00bb|55px||35px|true|false\u00bb global_colors_info=\u00bb{}\u00bb][\/et_pb_button][\/et_pb_column][\/et_pb_row][\/et_pb_section]<\/p>\n","protected":false},"excerpt":{"rendered":"<p>Gracias por solicitar un presupuesto.Un colaborador se pondr\u00e1 en contacto con usted en breve para proponerle una cita por videoconferencia. Para que pueda realizar una estimaci\u00f3n presupuestaria m\u00e1s precisa, no dude en preparar fotos o planos de su proyecto, sus dimensiones y sus caracter\u00edsticas t\u00e9cnicas.<\/p>\n","protected":false},"author":3,"featured_media":0,"parent":0,"menu_order":1012,"comment_status":"closed","ping_status":"closed","template":"","meta":{"_et_pb_use_builder":"on","_et_pb_old_content":"","_et_gb_content_width":"","footnotes":""},"class_list":["post-9894","page","type-page","status-publish","hentry"],"yoast_head":"<!-- This site is optimized with the Yoast SEO plugin v27.5 - https:\/\/yoast.com\/product\/yoast-seo-wordpress\/ -->\n<title>Confirmation devis | Coverseal<\/title>\n<meta name=\"robots\" content=\"index, follow, max-snippet:-1, max-image-preview:large, max-video-preview:-1\" \/>\n<link rel=\"canonical\" href=\"https:\/\/www.coverseal.com\/es\/confirmation-devis\/\" \/>\n<meta property=\"og:locale\" content=\"es_ES\" \/>\n<meta property=\"og:type\" content=\"article\" \/>\n<meta property=\"og:title\" content=\"Confirmation devis | Coverseal\" \/>\n<meta property=\"og:description\" content=\"Gracias por solicitar un presupuesto.Un colaborador se pondr\u00e1 en contacto con usted en breve para proponerle una cita por videoconferencia. Para que pueda realizar una estimaci\u00f3n presupuestaria m\u00e1s precisa, no dude en preparar fotos o planos de su proyecto, sus dimensiones y sus caracter\u00edsticas t\u00e9cnicas.\" \/>\n<meta property=\"og:url\" content=\"https:\/\/www.coverseal.com\/es\/confirmation-devis\/\" \/>\n<meta property=\"og:site_name\" content=\"Coverseal\" \/>\n<meta property=\"article:modified_time\" content=\"2025-12-16T09:12:32+00:00\" \/>\n<meta name=\"twitter:card\" content=\"summary_large_image\" \/>\n<meta name=\"twitter:label1\" content=\"Tiempo de lectura\" \/>\n\t<meta name=\"twitter:data1\" content=\"1 minuto\" \/>\n<script type=\"application\/ld+json\" class=\"yoast-schema-graph\">{\"@context\":\"https:\\\/\\\/schema.org\",\"@graph\":[{\"@type\":\"WebPage\",\"@id\":\"https:\\\/\\\/www.coverseal.com\\\/es\\\/confirmation-devis\\\/\",\"url\":\"https:\\\/\\\/www.coverseal.com\\\/es\\\/confirmation-devis\\\/\",\"name\":\"Confirmation devis | Coverseal\",\"isPartOf\":{\"@id\":\"https:\\\/\\\/www.coverseal.com\\\/es\\\/#website\"},\"datePublished\":\"2025-04-03T10:19:31+00:00\",\"dateModified\":\"2025-12-16T09:12:32+00:00\",\"breadcrumb\":{\"@id\":\"https:\\\/\\\/www.coverseal.com\\\/es\\\/confirmation-devis\\\/#breadcrumb\"},\"inLanguage\":\"es\",\"potentialAction\":[{\"@type\":\"ReadAction\",\"target\":[\"https:\\\/\\\/www.coverseal.com\\\/es\\\/confirmation-devis\\\/\"]}]},{\"@type\":\"BreadcrumbList\",\"@id\":\"https:\\\/\\\/www.coverseal.com\\\/es\\\/confirmation-devis\\\/#breadcrumb\",\"itemListElement\":[{\"@type\":\"ListItem\",\"position\":1,\"name\":\"Accueil\",\"item\":\"https:\\\/\\\/www.coverseal.com\\\/es\\\/\"},{\"@type\":\"ListItem\",\"position\":2,\"name\":\"Confirmation devis\"}]},{\"@type\":\"WebSite\",\"@id\":\"https:\\\/\\\/www.coverseal.com\\\/es\\\/#website\",\"url\":\"https:\\\/\\\/www.coverseal.com\\\/es\\\/\",\"name\":\"Coverseal\",\"description\":\"\",\"potentialAction\":[{\"@type\":\"SearchAction\",\"target\":{\"@type\":\"EntryPoint\",\"urlTemplate\":\"https:\\\/\\\/www.coverseal.com\\\/es\\\/?s={search_term_string}\"},\"query-input\":{\"@type\":\"PropertyValueSpecification\",\"valueRequired\":true,\"valueName\":\"search_term_string\"}}],\"inLanguage\":\"es\"}]}<\/script>\n<!-- \/ Yoast SEO plugin. -->","yoast_head_json":{"title":"Confirmation devis | Coverseal","robots":{"index":"index","follow":"follow","max-snippet":"max-snippet:-1","max-image-preview":"max-image-preview:large","max-video-preview":"max-video-preview:-1"},"canonical":"https:\/\/www.coverseal.com\/es\/confirmation-devis\/","og_locale":"es_ES","og_type":"article","og_title":"Confirmation devis | Coverseal","og_description":"Gracias por solicitar un presupuesto.Un colaborador se pondr\u00e1 en contacto con usted en breve para proponerle una cita por videoconferencia. Para que pueda realizar una estimaci\u00f3n presupuestaria m\u00e1s precisa, no dude en preparar fotos o planos de su proyecto, sus dimensiones y sus caracter\u00edsticas t\u00e9cnicas.","og_url":"https:\/\/www.coverseal.com\/es\/confirmation-devis\/","og_site_name":"Coverseal","article_modified_time":"2025-12-16T09:12:32+00:00","twitter_card":"summary_large_image","twitter_misc":{"Tiempo de lectura":"1 minuto"},"schema":{"@context":"https:\/\/schema.org","@graph":[{"@type":"WebPage","@id":"https:\/\/www.coverseal.com\/es\/confirmation-devis\/","url":"https:\/\/www.coverseal.com\/es\/confirmation-devis\/","name":"Confirmation devis | Coverseal","isPartOf":{"@id":"https:\/\/www.coverseal.com\/es\/#website"},"datePublished":"2025-04-03T10:19:31+00:00","dateModified":"2025-12-16T09:12:32+00:00","breadcrumb":{"@id":"https:\/\/www.coverseal.com\/es\/confirmation-devis\/#breadcrumb"},"inLanguage":"es","potentialAction":[{"@type":"ReadAction","target":["https:\/\/www.coverseal.com\/es\/confirmation-devis\/"]}]},{"@type":"BreadcrumbList","@id":"https:\/\/www.coverseal.com\/es\/confirmation-devis\/#breadcrumb","itemListElement":[{"@type":"ListItem","position":1,"name":"Accueil","item":"https:\/\/www.coverseal.com\/es\/"},{"@type":"ListItem","position":2,"name":"Confirmation devis"}]},{"@type":"WebSite","@id":"https:\/\/www.coverseal.com\/es\/#website","url":"https:\/\/www.coverseal.com\/es\/","name":"Coverseal","description":"","potentialAction":[{"@type":"SearchAction","target":{"@type":"EntryPoint","urlTemplate":"https:\/\/www.coverseal.com\/es\/?s={search_term_string}"},"query-input":{"@type":"PropertyValueSpecification","valueRequired":true,"valueName":"search_term_string"}}],"inLanguage":"es"}]}},"_links":{"self":[{"href":"https:\/\/www.coverseal.com\/es\/wp-json\/wp\/v2\/pages\/9894","targetHints":{"allow":["GET"]}}],"collection":[{"href":"https:\/\/www.coverseal.com\/es\/wp-json\/wp\/v2\/pages"}],"about":[{"href":"https:\/\/www.coverseal.com\/es\/wp-json\/wp\/v2\/types\/page"}],"author":[{"embeddable":true,"href":"https:\/\/www.coverseal.com\/es\/wp-json\/wp\/v2\/users\/3"}],"replies":[{"embeddable":true,"href":"https:\/\/www.coverseal.com\/es\/wp-json\/wp\/v2\/comments?post=9894"}],"version-history":[{"count":3,"href":"https:\/\/www.coverseal.com\/es\/wp-json\/wp\/v2\/pages\/9894\/revisions"}],"predecessor-version":[{"id":9905,"href":"https:\/\/www.coverseal.com\/es\/wp-json\/wp\/v2\/pages\/9894\/revisions\/9905"}],"wp:attachment":[{"href":"https:\/\/www.coverseal.com\/es\/wp-json\/wp\/v2\/media?parent=9894"}],"curies":[{"name":"wp","href":"https:\/\/api.w.org\/{rel}","templated":true}]}}